{"id":4032,"date":"2018-07-06T10:52:06","date_gmt":"2018-07-06T10:52:06","guid":{"rendered":"http:\/\/ecooil.net\/?page_id=4032"},"modified":"2023-08-21T07:02:20","modified_gmt":"2023-08-21T07:02:20","slug":"gas-stations","status":"publish","type":"page","link":"https:\/\/ecooil.net\/en\/gas-stations","title":{"rendered":"Gas stations"},"content":{"rendered":"<p>[vc_row][vc_column]<div class=\"mf-empty-space \" style=\"\"><div class=\"mf_empty_space_lg\"  style=\"height: 80px\"><\/div><div class=\"mf_empty_space_md\"  style=\"height: 50px\"><\/div><div class=\"mf_empty_space_xs\"  style=\"height: 50px\"><\/div><\/div><div class=\"mf-section-title text-left dark large-size \"><h2 >Gas stations on a map<\/h2><\/div><div class=\"mf-empty-space \" style=\"\"><div class=\"mf_empty_space_lg\"  style=\"height: 50px\"><\/div><div class=\"mf_empty_space_md\"  style=\"height: 30px\"><\/div><div class=\"mf_empty_space_xs\"  style=\"height: 30px\"><\/div><\/div>[\/vc_column][\/vc_row][vc_row][vc_column][vc_gmaps link=&#8221;#E-8_JTNDaWZyYW1lJTIwc3JjJTNEJTIyaHR0cHMlM0ElMkYlMkZ3d3cuZ29vZ2xlLmNvbSUyRm1hcHMlMkZkJTJGZW1iZWQlM0ZtaWQlM0QxN2xQellOTXI1MGZsQnJvNngtSTBkelBlWTIwUW1vdmQlMjIlMjB3aWR0aCUzRCUyMjY0MCUyMiUyMGhlaWdodCUzRCUyMjQ4MCUyMiUzRSUzQyUyRmlmcmFtZSUzRQ==&#8221;]<div class=\"mf-empty-space \" style=\"\"><div class=\"mf_empty_space_lg\"  style=\"height: 80px\"><\/div><div class=\"mf_empty_space_md\"  style=\"height: 50px\"><\/div><div class=\"mf_empty_space_xs\"  style=\"height: 50px\"><\/div><\/div>[\/vc_column][\/vc_row][vc_row css=&#8221;.vc_custom_1508747702557{background-color: #f2f2f2 !important;}&#8221;][vc_column]<div class=\"mf-empty-space \" style=\"\"><div class=\"mf_empty_space_lg\"  style=\"height: 80px\"><\/div><div class=\"mf_empty_space_md\"  style=\"height: 50px\"><\/div><div class=\"mf_empty_space_xs\"  style=\"height: 50px\"><\/div><\/div><div class=\"mf-section-title text-left dark large-size \"><h2 >Locations of our gas stations<\/h2><\/div><div class=\"mf-history \">\n            <div class=\"history-list owl-carousel\" id=\"history-slider-6a04e42d68414\"><div class=\"history-group\"><div class=\"history\"><div class=\"history-content\"><h3 class=\"title\">STATION SE\u017dANA<\/h3><div class=\"history-desc\"><p>Partizanska cesta, 6210 Se\u017eana<br\/>Fuels: Diesel and Ad Blue<br\/>N 45\u00b0 42 MIN 18,2 SEK<br\/> E 13\u00b0 51 MIN 23,8 SEK<br\/>Open: 24\/7<br\/>Free WI-FI<\/p><\/div><\/div><\/div><div class=\"history\"><div class=\"history-content\"><h3 class=\"title\">STATION MARIBOR<\/h3><div class=\"history-desc\"><p>Zagreb\u0161ka cesta 24, 2000 Maribor<br\/>Fuels: Diesel and Ad Blue<br\/>N 46\u00b0 32 MIN 02 SEK<br\/>E 15\u00b0 39 MIN 25 SEK<br\/>Open: 24\/7<br\/>Free WI-FI<\/p><\/div><\/div><\/div><\/div><div class=\"history-group\"><div class=\"history\"><div class=\"history-content\"><h3 class=\"title\">STATION TURNI\u0160\u010cE<\/h3><div class=\"history-desc\"><p>Ulica \u0160tefana Kova\u010da, 9224 Turni\u0161\u010de<br\/>Fuels: Diesel and Ad Blue<br\/>N 46\u00b0 36 MIN 56 SEK<br\/>E 16\u00b0 19 MIN 12 SEK<br\/>Open: 24\/7<br\/>Free WI-FI<\/p><\/div><\/div><\/div><div class=\"history\"><div class=\"history-content\"><h3 class=\"title\">STATION FRAM<\/h3><div class=\"history-desc\"><p>Turnerjeva ulica, 2313 Fram<br\/>Fuels: Diesel and Ad Blue<br\/>N 46.451048<br\/>               E 15.651660<br\/>Open: 24\/7<br\/>Free WI-FI<br\/>Restaurant<br\/>Parking<\/p><\/div><\/div><\/div><\/div><\/div>\n        <\/div><div class=\"mf-empty-space \" style=\"\"><div class=\"mf_empty_space_lg\"  style=\"height: 80px\"><\/div><div class=\"mf_empty_space_md\"  style=\"height: 50px\"><\/div><div class=\"mf_empty_space_xs\"  style=\"height: 50px\"><\/div><\/div>[\/vc_column][\/vc_row]<\/p>\n","protected":false},"excerpt":{"rendered":"<p>[vc_row][vc_column][\/vc_column][\/vc_row][vc_row][vc_column][vc_gmaps link=&#8221;#E-8_JTNDaWZyYW1lJTIwc3JjJTNEJTIyaHR0cHMlM0ElMkYlMkZ3d3cuZ29vZ2xlLmNvbSUyRm1hcHMlMkZkJTJGZW1iZWQlM0ZtaWQlM0QxN2xQellOTXI1MGZsQnJvNngtSTBkelBlWTIwUW1vdmQlMjIlMjB3aWR0aCUzRCUyMjY0MCUyMiUyMGhlaWdodCUzRCUyMjQ4MCUyMiUzRSUzQyUyRmlmcmFtZSUzRQ==&#8221;][\/vc_column][\/vc_row][vc_row css=&#8221;.vc_custom_1508747702557{background-color: #f2f2f2 !important;}&#8221;][vc_column][\/vc_column][\/vc_row]<\/p>\n","protected":false},"author":1,"featured_media":0,"parent":0,"menu_order":0,"comment_status":"closed","ping_status":"closed","template":"template-fullwidth.php","meta":{"inline_featured_image":false,"_mi_skip_tracking":false,"_exactmetrics_sitenote_active":false,"_exactmetrics_sitenote_note":"","_exactmetrics_sitenote_category":0},"_links":{"self":[{"href":"https:\/\/ecooil.net\/en\/wp-json\/wp\/v2\/pages\/4032\/"}],"collection":[{"href":"https:\/\/ecooil.net\/en\/wp-json\/wp\/v2\/pages\/"}],"about":[{"href":"https:\/\/ecooil.net\/en\/wp-json\/wp\/v2\/types\/page\/"}],"author":[{"embeddable":true,"href":"https:\/\/ecooil.net\/en\/wp-json\/wp\/v2\/users\/1\/"}],"replies":[{"embeddable":true,"href":"https:\/\/ecooil.net\/en\/wp-json\/wp\/v2\/comments\/?post=4032"}],"version-history":[{"count":6,"href":"https:\/\/ecooil.net\/en\/wp-json\/wp\/v2\/pages\/4032\/revisions\/"}],"predecessor-version":[{"id":4181,"href":"https:\/\/ecooil.net\/en\/wp-json\/wp\/v2\/pages\/4032\/revisions\/4181\/"}],"wp:attachment":[{"href":"https:\/\/ecooil.net\/en\/wp-json\/wp\/v2\/media\/?parent=4032"}],"curies":[{"name":"wp","href":"https:\/\/api.w.org\/{rel}","templated":true}]}}