{"id":3950,"date":"2017-10-31T07:44:25","date_gmt":"2017-10-31T07:44:25","guid":{"rendered":"http:\/\/ecooil.net\/o-podjetju\/"},"modified":"2023-08-21T07:16:35","modified_gmt":"2023-08-21T07:16:35","slug":"about-company","status":"publish","type":"page","link":"https:\/\/ecooil.net\/en\/about-company\/","title":{"rendered":"About company"},"content":{"rendered":"<p>[vc_row][vc_column]<div class=\"mf-empty-space \" style=\"\"><div class=\"mf_empty_space_lg\"  style=\"height: 80px\"><\/div><div class=\"mf_empty_space_md\"  style=\"height: 50px\"><\/div><div class=\"mf_empty_space_xs\"  style=\"height: 50px\"><\/div><\/div>[\/vc_column][\/vc_row][vc_row][vc_column width=&#8221;2\/3&#8243;][vc_single_image image=&#8221;4021&#8243; img_size=&#8221;full&#8221;]<div class=\"mf-empty-space \" style=\"\"><div class=\"mf_empty_space_lg\"  style=\"height: 50px\"><\/div><div class=\"mf_empty_space_md\"  style=\"height: 30px\"><\/div><div class=\"mf_empty_space_xs\"  style=\"height: 30px\"><\/div><\/div>[\/vc_column][vc_column width=&#8221;1\/3&#8243;][vc_tta_accordion style=&#8221;flat&#8221; shape=&#8221;square&#8221; color=&#8221;white&#8221; c_icon=&#8221;chevron&#8221; active_section=&#8221;1&#8243;][vc_tta_section title=&#8221;Slovenian energy company&#8221; tab_id=&#8221;1508747151686-14cd83fe-86c0&#8243;][vc_column_text]Company EOC d.o.o. was founded 1999.<\/p>\n<p>Our gas stations are self-service and therefore available 24\/7.[\/vc_column_text][\/vc_tta_section][vc_tta_section title=&#8221;Our vision&#8221; tab_id=&#8221;1530858620685-30db44f5-a94a&#8221;][vc_column_text]We are aware of the consequences for the environment, so we strive to ensure that our products not only meet the EU environmental regulations but they also comply with even stricter requirements.[\/vc_column_text][\/vc_tta_section][vc_tta_section title=&#8221;Philosophy for Success&#8221; tab_id=&#8221;1508747188911-376a52e4-45e9&#8243;][vc_column_text]In our belif, correctness, high technical level, clean working and friendly employees are key elements for success.[\/vc_column_text][\/vc_tta_section][vc_tta_section title=&#8221;Our services&#8221; tab_id=&#8221;1508747186558-5a68f830-d129&#8243;][vc_column_text]We provide retail and wholesale services for oil based products, as well as distribution of fossil fuels.[\/vc_column_text][\/vc_tta_section][\/vc_tta_accordion]<div class=\"mf-empty-space \" style=\"\"><div class=\"mf_empty_space_lg\"  style=\"height: 50px\"><\/div><div class=\"mf_empty_space_md\"  style=\"height: 30px\"><\/div><div class=\"mf_empty_space_xs\"  style=\"height: 30px\"><\/div><\/div>[\/vc_column][\/vc_row][vc_row css=&#8221;.vc_custom_1508747702557{background-color: #f2f2f2 !important;}&#8221;][vc_column]<div class=\"mf-empty-space \" style=\"\"><div class=\"mf_empty_space_lg\"  style=\"height: 80px\"><\/div><div class=\"mf_empty_space_md\"  style=\"height: 50px\"><\/div><div class=\"mf_empty_space_xs\"  style=\"height: 50px\"><\/div><\/div><div class=\"mf-section-title text-left dark large-size \"><h2 >Locations of our gas stations<\/h2><\/div><div class=\"mf-history \">\n            <div class=\"history-list owl-carousel\" id=\"history-slider-69e731f0f3929\"><div class=\"history-group\"><div class=\"history\"><div class=\"history-content\"><h3 class=\"title\">STATION SE\u017dANA<\/h3><div class=\"history-desc\"><p>Partizanska cesta, 6210 Se\u017eana<br\/>Fuels: Diesel and Ad Blue<br\/>N 45\u00b0 42 MIN 18,2 SEK<br\/> E 13\u00b0 51 MIN 23,8 SEK<br\/>Open: 24\/7<br\/>Free WI-FI<\/p><\/div><\/div><\/div><div class=\"history\"><div class=\"history-content\"><h3 class=\"title\">STATION MARIBOR<\/h3><div class=\"history-desc\"><p>Zagreb\u0161ka cesta 24, 2000 Maribor<br\/>Fuels: Diesel and Ad Blue<br\/>N 46\u00b0 32 MIN 02 SEK<br\/>E 15\u00b0 39 MIN 25 SEK<br\/>Open: 24\/7<br\/>Free WI-FI<\/p><\/div><\/div><\/div><\/div><div class=\"history-group\"><div class=\"history\"><div class=\"history-content\"><h3 class=\"title\">STATION TURNI\u0160\u010cE<\/h3><div class=\"history-desc\"><p>Ulica \u0160tefana Kova\u010da, 9224 Turni\u0161\u010de<br\/>Fuels: Diesel and Ad Blue<br\/>N 46\u00b0 36 MIN 56 SEK<br\/>E 16\u00b0 19 MIN 12 SEK<br\/>Open: 24\/7<br\/>Free WI-FI<\/p><\/div><\/div><\/div><div class=\"history\"><div class=\"history-content\"><h3 class=\"title\">STATION FRAM<\/h3><div class=\"history-desc\"><p>Turnerjeva ulica, 2313 Fram<br\/>Fuels: Diesel and Ad Blue<br\/>N 46.451048<br\/>               E 15.651660<br\/<Open: 24\/7<br\/>Free WI-FI<br\/>Restaurant<br\/>Parking<\/p><\/div><\/div><\/div><\/div><\/div>\n        <\/div><div class=\"mf-empty-space \" style=\"\"><div class=\"mf_empty_space_lg\"  style=\"height: 80px\"><\/div><div class=\"mf_empty_space_md\"  style=\"height: 50px\"><\/div><div class=\"mf_empty_space_xs\"  style=\"height: 50px\"><\/div><\/div>[\/vc_column][\/vc_row][vc_row equal_height=&#8221;yes&#8221; content_placement=&#8221;middle&#8221; enable_parallax=&#8221;yes&#8221; css=&#8221;.vc_custom_1515471913255{padding-top: 50px !important;padding-bottom: 50px !important;background-image: url(http:\/\/demo2.steelthemes.com\/induscity\/wp-content\/uploads\/sites\/9\/2017\/10\/action-bg-1.jpg?id=108) !important;}&#8221;][vc_column offset=&#8221;vc_col-lg-9 vc_col-md-8&#8243;][vc_custom_heading text=&#8221;Need for some additional information?&#8221; font_container=&#8221;tag:h2|font_size:20|text_align:left&#8221; use_theme_fonts=&#8221;yes&#8221; el_class=&#8221;fw-medium main-color&#8221; css=&#8221;.vc_custom_1530519810010{margin-top: 0px !important;margin-bottom: 0px !important;}&#8221;]<div class=\"mf-empty-space \" style=\"\"><div class=\"mf_empty_space_lg\" ><\/div><div class=\"mf_empty_space_md\" ><\/div><div class=\"mf_empty_space_xs\"  style=\"height: 30px\"><\/div><\/div>[\/vc_column][vc_column offset=&#8221;vc_col-lg-3 vc_col-md-4&#8243;]<div class=\"mf-button align-right style-1 \"><a class=\"button mf-btn has-background\" href=\"http:\/\/guru-guru.eu\/ecooil\/en\/contact\/\">CONTACT<\/a><\/div>[\/vc_column][\/vc_row][vc_row][vc_column]<div class=\"mf-empty-space \" style=\"\"><div class=\"mf_empty_space_lg\"  style=\"height: 80px\"><\/div><div class=\"mf_empty_space_md\"  style=\"height: 50px\"><\/div><div class=\"mf_empty_space_xs\"  style=\"height: 50px\"><\/div><\/div><div class=\"mf-section-title text-center dark large-size \"><h2 >Our partners<\/h2><\/div><div class=\"mf-empty-space \" style=\"\"><div class=\"mf_empty_space_lg\"  style=\"height: 45px\"><\/div><div class=\"mf_empty_space_md\"  style=\"height: 30px\"><\/div><div class=\"mf_empty_space_xs\"  style=\"height: 30px\"><\/div><\/div><div class=\"mf-partner clearfix normal-type \" data-columns=\"6\">\n\t\t\t\t<div class=\"list-item row\"><div class=\"partner-item col-sm-4 col-xs-12 col-md-2\">\n\t\t\t\t\t\t\t<a  target=\"_self\" ><img width=\"150\" height=\"110\" src=\"https:\/\/ecooil.net\/wp-content\/uploads\/2018\/06\/total-150x110.png\" class=\"attachment-thumbnail size-thumbnail\" alt=\"\" decoding=\"async\" loading=\"lazy\" \/><\/a>\n\t\t\t\t\t\t<\/div><div class=\"partner-item col-sm-4 col-xs-12 col-md-2\">\n\t\t\t\t\t\t\t<a  target=\"_self\" ><img width=\"150\" height=\"110\" src=\"https:\/\/ecooil.net\/wp-content\/uploads\/2018\/06\/AS-24-150x110.png\" class=\"attachment-thumbnail size-thumbnail\" alt=\"\" decoding=\"async\" loading=\"lazy\" \/><\/a>\n\t\t\t\t\t\t<\/div><div class=\"partner-item col-sm-4 col-xs-12 col-md-2\">\n\t\t\t\t\t\t\t<a  target=\"_self\" ><img width=\"150\" height=\"110\" src=\"https:\/\/ecooil.net\/wp-content\/uploads\/2018\/06\/q8-150x110.png\" class=\"attachment-thumbnail size-thumbnail\" alt=\"\" decoding=\"async\" loading=\"lazy\" \/><\/a>\n\t\t\t\t\t\t<\/div><div class=\"partner-item col-sm-4 col-xs-12 col-md-2\">\n\t\t\t\t\t\t\t<a  target=\"_self\" ><img width=\"150\" height=\"110\" src=\"https:\/\/ecooil.net\/wp-content\/uploads\/2018\/06\/IDS-150x110.png\" class=\"attachment-thumbnail size-thumbnail\" alt=\"\" decoding=\"async\" loading=\"lazy\" \/><\/a>\n\t\t\t\t\t\t<\/div><div class=\"partner-item col-sm-4 col-xs-12 col-md-2\">\n\t\t\t\t\t\t\t<a  target=\"_self\" ><img width=\"150\" height=\"110\" src=\"https:\/\/ecooil.net\/wp-content\/uploads\/2018\/06\/EW-150x110.png\" class=\"attachment-thumbnail size-thumbnail\" alt=\"\" decoding=\"async\" loading=\"lazy\" \/><\/a>\n\t\t\t\t\t\t<\/div><div class=\"partner-item col-sm-4 col-xs-12 col-md-2\">\n\t\t\t\t\t\t\t<a  target=\"_self\" ><img width=\"150\" height=\"110\" src=\"https:\/\/ecooil.net\/wp-content\/uploads\/2018\/06\/Red-tortuga-150x110.png\" class=\"attachment-thumbnail size-thumbnail\" alt=\"\" decoding=\"async\" loading=\"lazy\" \/><\/a>\n\t\t\t\t\t\t<\/div><\/div>\n\t\t\t<\/div><div class=\"mf-empty-space \" style=\"\"><div class=\"mf_empty_space_lg\"  style=\"height: 45px\"><\/div><div class=\"mf_empty_space_md\"  style=\"height: 30px\"><\/div><div class=\"mf_empty_space_xs\"  style=\"height: 30px\"><\/div><\/div><div class=\"mf-partner clearfix normal-type \" data-columns=\"6\">\n\t\t\t\t<div class=\"list-item row\"><div class=\"partner-item col-sm-4 col-xs-12 col-md-2\">\n\t\t\t\t\t\t\t<a  target=\"_self\" ><img width=\"150\" height=\"110\" src=\"https:\/\/ecooil.net\/wp-content\/uploads\/2018\/06\/dkv-150x110.png\" class=\"attachment-thumbnail size-thumbnail\" alt=\"\" decoding=\"async\" loading=\"lazy\" \/><\/a>\n\t\t\t\t\t\t<\/div><div class=\"partner-item col-sm-4 col-xs-12 col-md-2\">\n\t\t\t\t\t\t\t<a  target=\"_self\" ><img width=\"150\" height=\"110\" src=\"https:\/\/ecooil.net\/wp-content\/uploads\/2018\/06\/diesel-24-150x110.png\" class=\"attachment-thumbnail size-thumbnail\" alt=\"\" decoding=\"async\" loading=\"lazy\" \/><\/a>\n\t\t\t\t\t\t<\/div><div class=\"partner-item col-sm-4 col-xs-12 col-md-2\">\n\t\t\t\t\t\t\t<a  target=\"_self\" ><img width=\"150\" height=\"110\" src=\"https:\/\/ecooil.net\/wp-content\/uploads\/2018\/06\/iq-card-150x110.png\" class=\"attachment-thumbnail size-thumbnail\" alt=\"\" decoding=\"async\" loading=\"lazy\" \/><\/a>\n\t\t\t\t\t\t<\/div><div class=\"partner-item col-sm-4 col-xs-12 col-md-2\">\n\t\t\t\t\t\t\t<a  target=\"_self\" ><img width=\"150\" height=\"110\" src=\"https:\/\/ecooil.net\/wp-content\/uploads\/2018\/06\/dts-150x110.png\" class=\"attachment-thumbnail size-thumbnail\" alt=\"\" decoding=\"async\" loading=\"lazy\" \/><\/a>\n\t\t\t\t\t\t<\/div><div class=\"partner-item col-sm-4 col-xs-12 col-md-2\">\n\t\t\t\t\t\t\t<a  target=\"_self\" ><img width=\"150\" height=\"110\" src=\"https:\/\/ecooil.net\/wp-content\/uploads\/2018\/06\/wolfl-150x110.png\" class=\"attachment-thumbnail size-thumbnail\" alt=\"\" decoding=\"async\" loading=\"lazy\" \/><\/a>\n\t\t\t\t\t\t<\/div><div class=\"partner-item col-sm-4 col-xs-12 col-md-2\">\n\t\t\t\t\t\t\t<a  target=\"_self\" ><img width=\"150\" height=\"110\" src=\"https:\/\/ecooil.net\/wp-content\/uploads\/2018\/06\/logpay-150x110.png\" class=\"attachment-thumbnail size-thumbnail\" alt=\"\" decoding=\"async\" loading=\"lazy\" \/><\/a>\n\t\t\t\t\t\t<\/div><\/div>\n\t\t\t<\/div><div class=\"mf-empty-space \" style=\"\"><div class=\"mf_empty_space_lg\"  style=\"height: 80px\"><\/div><div class=\"mf_empty_space_md\"  style=\"height: 50px\"><\/div><div class=\"mf_empty_space_xs\"  style=\"height: 50px\"><\/div><\/div>[\/vc_column][\/vc_row]<\/p>\n","protected":false},"excerpt":{"rendered":"<p>[vc_row][vc_column][\/vc_column][\/vc_row][vc_row][vc_column width=&#8221;2\/3&#8243;][vc_single_image image=&#8221;4021&#8243; img_size=&#8221;full&#8221;][\/vc_column][vc_column width=&#8221;1\/3&#8243;][vc_tta_accordion style=&#8221;flat&#8221; shape=&#8221;square&#8221; color=&#8221;white&#8221; c_icon=&#8221;chevron&#8221; active_section=&#8221;1&#8243;][vc_tta_section title=&#8221;Slovenian energy company&#8221; tab_id=&#8221;1508747151686-14cd83fe-86c0&#8243;][vc_column_text]Company EOC d.o.o. was founded 1999. Our gas stations are self-service and therefore available 24\/7.[\/vc_column_text][\/vc_tta_section][vc_tta_section title=&#8221;Our vision&#8221; tab_id=&#8221;1530858620685-30db44f5-a94a&#8221;][vc_column_text]We are aware of the consequences for the environment, so we strive to ensure that our products not only meet the EU environmental regulations but [&hellip;]<\/p>\n","protected":false},"author":1,"featured_media":0,"parent":0,"menu_order":0,"comment_status":"closed","ping_status":"closed","template":"template-fullwidth.php","meta":{"inline_featured_image":false,"_mi_skip_tracking":false,"_exactmetrics_sitenote_active":false,"_exactmetrics_sitenote_note":"","_exactmetrics_sitenote_category":0},"_links":{"self":[{"href":"https:\/\/ecooil.net\/en\/wp-json\/wp\/v2\/pages\/3950\/"}],"collection":[{"href":"https:\/\/ecooil.net\/en\/wp-json\/wp\/v2\/pages\/"}],"about":[{"href":"https:\/\/ecooil.net\/en\/wp-json\/wp\/v2\/types\/page\/"}],"author":[{"embeddable":true,"href":"https:\/\/ecooil.net\/en\/wp-json\/wp\/v2\/users\/1\/"}],"replies":[{"embeddable":true,"href":"https:\/\/ecooil.net\/en\/wp-json\/wp\/v2\/comments\/?post=3950"}],"version-history":[{"count":11,"href":"https:\/\/ecooil.net\/en\/wp-json\/wp\/v2\/pages\/3950\/revisions\/"}],"predecessor-version":[{"id":4186,"href":"https:\/\/ecooil.net\/en\/wp-json\/wp\/v2\/pages\/3950\/revisions\/4186\/"}],"wp:attachment":[{"href":"https:\/\/ecooil.net\/en\/wp-json\/wp\/v2\/media\/?parent=3950"}],"curies":[{"name":"wp","href":"https:\/\/api.w.org\/{rel}","templated":true}]}}